{"id":9915,"date":"2023-01-17T17:27:35","date_gmt":"2023-01-17T16:27:35","guid":{"rendered":"https:\/\/www.aerophile.com\/aerophare\/"},"modified":"2023-02-22T11:44:00","modified_gmt":"2023-02-22T10:44:00","slug":"aerophare","status":"publish","type":"page","link":"https:\/\/www.aerophile.com\/es\/aerophare\/","title":{"rendered":"Aerophare"},"content":{"rendered":"","protected":false},"excerpt":{"rendered":"","protected":false},"author":1,"featured_media":9612,"parent":0,"menu_order":0,"comment_status":"closed","ping_status":"closed","template":"","meta":{"_acf_changed":false,"footnotes":""},"class_list":["post-9915","page","type-page","status-publish","has-post-thumbnail","hentry"],"acf":[],"yoast_head":"<!-- This site is optimized with the Yoast SEO plugin v27.2 - https:\/\/yoast.com\/product\/yoast-seo-wordpress\/ -->\n<title>Aerophare - Aerophile<\/title>\n<meta name=\"description\" content=\"Aerophare es una innovaci\u00f3n arquitect\u00f3nica y tecnol\u00f3gica \u00fanica. Con una altura y volumen comparable a la Torre de Pisa, permite que 12 pasajeros vuelen cada 5 minutos a la altura de un edificio de 17 pisos.\" \/>\n<meta name=\"robots\" content=\"index, follow, max-snippet:-1, max-image-preview:large, max-video-preview:-1\" \/>\n<link rel=\"canonical\" href=\"https:\/\/www.aerophile.com\/es\/aerophare\/\" \/>\n<meta property=\"og:locale\" content=\"es_ES\" \/>\n<meta property=\"og:type\" content=\"article\" \/>\n<meta property=\"og:title\" content=\"Aerophare - Aerophile\" \/>\n<meta property=\"og:description\" content=\"Aerophare es una innovaci\u00f3n arquitect\u00f3nica y tecnol\u00f3gica \u00fanica. Con una altura y volumen comparable a la Torre de Pisa, permite que 12 pasajeros vuelen cada 5 minutos a la altura de un edificio de 17 pisos.\" \/>\n<meta property=\"og:url\" content=\"https:\/\/www.aerophile.com\/es\/aerophare\/\" \/>\n<meta property=\"og:site_name\" content=\"Aerophile\" \/>\n<meta property=\"article:publisher\" content=\"https:\/\/www.facebook.com\/AerophileSAS\/\" \/>\n<meta property=\"article:modified_time\" content=\"2023-02-22T10:44:00+00:00\" \/>\n<meta property=\"og:image\" content=\"https:\/\/www.aerophile.com\/admin\/wp-content\/uploads\/2023\/01\/laerophare-aspect-ratio-1400-460.jpg\" \/>\n\t<meta property=\"og:image:width\" content=\"1674\" \/>\n\t<meta property=\"og:image:height\" content=\"550\" \/>\n\t<meta property=\"og:image:type\" content=\"image\/jpeg\" \/>\n<meta name=\"twitter:card\" content=\"summary_large_image\" \/>\n<meta name=\"twitter:site\" content=\"@AEROPHILE_SAS\" \/>\n<script type=\"application\/ld+json\" class=\"yoast-schema-graph\">{\"@context\":\"https:\/\/schema.org\",\"@graph\":[{\"@type\":\"WebPage\",\"@id\":\"https:\/\/www.aerophile.com\/es\/aerophare\/\",\"url\":\"https:\/\/www.aerophile.com\/es\/aerophare\/\",\"name\":\"Aerophare - Aerophile\",\"isPartOf\":{\"@id\":\"https:\/\/www.aerophile.com\/es\/#website\"},\"primaryImageOfPage\":{\"@id\":\"https:\/\/www.aerophile.com\/es\/aerophare\/#primaryimage\"},\"image\":{\"@id\":\"https:\/\/www.aerophile.com\/es\/aerophare\/#primaryimage\"},\"thumbnailUrl\":\"https:\/\/www.aerophile.com\/admin\/wp-content\/uploads\/2023\/01\/laerophare-aspect-ratio-1400-460.jpg\",\"datePublished\":\"2023-01-17T16:27:35+00:00\",\"dateModified\":\"2023-02-22T10:44:00+00:00\",\"description\":\"Aerophare es una innovaci\u00f3n arquitect\u00f3nica y tecnol\u00f3gica \u00fanica. Con una altura y volumen comparable a la Torre de Pisa, permite que 12 pasajeros vuelen cada 5 minutos a la altura de un edificio de 17 pisos.\",\"inLanguage\":\"es\",\"potentialAction\":[{\"@type\":\"ReadAction\",\"target\":[\"https:\/\/www.aerophile.com\/es\/aerophare\/\"]}]},{\"@type\":\"ImageObject\",\"inLanguage\":\"es\",\"@id\":\"https:\/\/www.aerophile.com\/es\/aerophare\/#primaryimage\",\"url\":\"https:\/\/www.aerophile.com\/admin\/wp-content\/uploads\/2023\/01\/laerophare-aspect-ratio-1400-460.jpg\",\"contentUrl\":\"https:\/\/www.aerophile.com\/admin\/wp-content\/uploads\/2023\/01\/laerophare-aspect-ratio-1400-460.jpg\",\"width\":1674,\"height\":550},{\"@type\":\"WebSite\",\"@id\":\"https:\/\/www.aerophile.com\/es\/#website\",\"url\":\"https:\/\/www.aerophile.com\/es\/\",\"name\":\"Aerophile\",\"description\":\"El leader mundial del globo cautivo\",\"publisher\":{\"@id\":\"https:\/\/www.aerophile.com\/es\/#organization\"},\"potentialAction\":[{\"@type\":\"SearchAction\",\"target\":{\"@type\":\"EntryPoint\",\"urlTemplate\":\"https:\/\/www.aerophile.com\/es\/?s={search_term_string}\"},\"query-input\":{\"@type\":\"PropertyValueSpecification\",\"valueRequired\":true,\"valueName\":\"search_term_string\"}}],\"inLanguage\":\"es\"},{\"@type\":\"Organization\",\"@id\":\"https:\/\/www.aerophile.com\/es\/#organization\",\"name\":\"Aerophile\",\"url\":\"https:\/\/www.aerophile.com\/es\/\",\"logo\":{\"@type\":\"ImageObject\",\"inLanguage\":\"es\",\"@id\":\"https:\/\/www.aerophile.com\/es\/#\/schema\/logo\/image\/\",\"url\":\"https:\/\/www.aerophile.com\/admin\/wp-content\/uploads\/2023\/03\/logo-aerophile-30-web-1.png\",\"contentUrl\":\"https:\/\/www.aerophile.com\/admin\/wp-content\/uploads\/2023\/03\/logo-aerophile-30-web-1.png\",\"width\":1015,\"height\":597,\"caption\":\"Aerophile\"},\"image\":{\"@id\":\"https:\/\/www.aerophile.com\/es\/#\/schema\/logo\/image\/\"},\"sameAs\":[\"https:\/\/www.facebook.com\/AerophileSAS\/\",\"https:\/\/x.com\/AEROPHILE_SAS\"]}]}<\/script>\n<!-- \/ Yoast SEO plugin. -->","yoast_head_json":{"title":"Aerophare - Aerophile","description":"Aerophare es una innovaci\u00f3n arquitect\u00f3nica y tecnol\u00f3gica \u00fanica. Con una altura y volumen comparable a la Torre de Pisa, permite que 12 pasajeros vuelen cada 5 minutos a la altura de un edificio de 17 pisos.","robots":{"index":"index","follow":"follow","max-snippet":"max-snippet:-1","max-image-preview":"max-image-preview:large","max-video-preview":"max-video-preview:-1"},"canonical":"https:\/\/www.aerophile.com\/es\/aerophare\/","og_locale":"es_ES","og_type":"article","og_title":"Aerophare - Aerophile","og_description":"Aerophare es una innovaci\u00f3n arquitect\u00f3nica y tecnol\u00f3gica \u00fanica. Con una altura y volumen comparable a la Torre de Pisa, permite que 12 pasajeros vuelen cada 5 minutos a la altura de un edificio de 17 pisos.","og_url":"https:\/\/www.aerophile.com\/es\/aerophare\/","og_site_name":"Aerophile","article_publisher":"https:\/\/www.facebook.com\/AerophileSAS\/","article_modified_time":"2023-02-22T10:44:00+00:00","og_image":[{"width":1674,"height":550,"url":"https:\/\/www.aerophile.com\/admin\/wp-content\/uploads\/2023\/01\/laerophare-aspect-ratio-1400-460.jpg","type":"image\/jpeg"}],"twitter_card":"summary_large_image","twitter_site":"@AEROPHILE_SAS","schema":{"@context":"https:\/\/schema.org","@graph":[{"@type":"WebPage","@id":"https:\/\/www.aerophile.com\/es\/aerophare\/","url":"https:\/\/www.aerophile.com\/es\/aerophare\/","name":"Aerophare - Aerophile","isPartOf":{"@id":"https:\/\/www.aerophile.com\/es\/#website"},"primaryImageOfPage":{"@id":"https:\/\/www.aerophile.com\/es\/aerophare\/#primaryimage"},"image":{"@id":"https:\/\/www.aerophile.com\/es\/aerophare\/#primaryimage"},"thumbnailUrl":"https:\/\/www.aerophile.com\/admin\/wp-content\/uploads\/2023\/01\/laerophare-aspect-ratio-1400-460.jpg","datePublished":"2023-01-17T16:27:35+00:00","dateModified":"2023-02-22T10:44:00+00:00","description":"Aerophare es una innovaci\u00f3n arquitect\u00f3nica y tecnol\u00f3gica \u00fanica. Con una altura y volumen comparable a la Torre de Pisa, permite que 12 pasajeros vuelen cada 5 minutos a la altura de un edificio de 17 pisos.","inLanguage":"es","potentialAction":[{"@type":"ReadAction","target":["https:\/\/www.aerophile.com\/es\/aerophare\/"]}]},{"@type":"ImageObject","inLanguage":"es","@id":"https:\/\/www.aerophile.com\/es\/aerophare\/#primaryimage","url":"https:\/\/www.aerophile.com\/admin\/wp-content\/uploads\/2023\/01\/laerophare-aspect-ratio-1400-460.jpg","contentUrl":"https:\/\/www.aerophile.com\/admin\/wp-content\/uploads\/2023\/01\/laerophare-aspect-ratio-1400-460.jpg","width":1674,"height":550},{"@type":"WebSite","@id":"https:\/\/www.aerophile.com\/es\/#website","url":"https:\/\/www.aerophile.com\/es\/","name":"Aerophile","description":"El leader mundial del globo cautivo","publisher":{"@id":"https:\/\/www.aerophile.com\/es\/#organization"},"potentialAction":[{"@type":"SearchAction","target":{"@type":"EntryPoint","urlTemplate":"https:\/\/www.aerophile.com\/es\/?s={search_term_string}"},"query-input":{"@type":"PropertyValueSpecification","valueRequired":true,"valueName":"search_term_string"}}],"inLanguage":"es"},{"@type":"Organization","@id":"https:\/\/www.aerophile.com\/es\/#organization","name":"Aerophile","url":"https:\/\/www.aerophile.com\/es\/","logo":{"@type":"ImageObject","inLanguage":"es","@id":"https:\/\/www.aerophile.com\/es\/#\/schema\/logo\/image\/","url":"https:\/\/www.aerophile.com\/admin\/wp-content\/uploads\/2023\/03\/logo-aerophile-30-web-1.png","contentUrl":"https:\/\/www.aerophile.com\/admin\/wp-content\/uploads\/2023\/03\/logo-aerophile-30-web-1.png","width":1015,"height":597,"caption":"Aerophile"},"image":{"@id":"https:\/\/www.aerophile.com\/es\/#\/schema\/logo\/image\/"},"sameAs":["https:\/\/www.facebook.com\/AerophileSAS\/","https:\/\/x.com\/AEROPHILE_SAS"]}]}},"_links":{"self":[{"href":"https:\/\/www.aerophile.com\/es\/wp-json\/wp\/v2\/pages\/9915","targetHints":{"allow":["GET"]}}],"collection":[{"href":"https:\/\/www.aerophile.com\/es\/wp-json\/wp\/v2\/pages"}],"about":[{"href":"https:\/\/www.aerophile.com\/es\/wp-json\/wp\/v2\/types\/page"}],"author":[{"embeddable":true,"href":"https:\/\/www.aerophile.com\/es\/wp-json\/wp\/v2\/users\/1"}],"replies":[{"embeddable":true,"href":"https:\/\/www.aerophile.com\/es\/wp-json\/wp\/v2\/comments?post=9915"}],"version-history":[{"count":3,"href":"https:\/\/www.aerophile.com\/es\/wp-json\/wp\/v2\/pages\/9915\/revisions"}],"predecessor-version":[{"id":10356,"href":"https:\/\/www.aerophile.com\/es\/wp-json\/wp\/v2\/pages\/9915\/revisions\/10356"}],"wp:featuredmedia":[{"embeddable":true,"href":"https:\/\/www.aerophile.com\/es\/wp-json\/wp\/v2\/media\/9612"}],"wp:attachment":[{"href":"https:\/\/www.aerophile.com\/es\/wp-json\/wp\/v2\/media?parent=9915"}],"curies":[{"name":"wp","href":"https:\/\/api.w.org\/{rel}","templated":true}]}}