{"id":9907,"date":"2023-01-23T12:54:13","date_gmt":"2023-01-23T11:54:13","guid":{"rendered":"https:\/\/www.aerophile.com\/histoire-ballon-captif\/"},"modified":"2025-05-20T16:43:58","modified_gmt":"2025-05-20T14:43:58","slug":"el-globo-cautivo","status":"publish","type":"page","link":"https:\/\/www.aerophile.com\/es\/el-globo-cautivo\/","title":{"rendered":"La historia del gran globo cautivo"},"content":{"rendered":"<p><strong>En 1993, J\u00e9r\u00f4me Giacomoni y Matthieu Gobbi crearon la empresa Aerophile y relanzaron la construcci\u00f3n de un globo cautivo.<\/strong><\/p>\n<p>Ante la ausencia de un dispositivo similar en el mercado, los cofundadores dise\u00f1aron entonces, ellos mismos, una aeronave llamada Aerophile. Un desaf\u00edo t\u00e9cnico considerable: con la desaparici\u00f3n de los planos y los prototipos, hubo que redefinir todas las especificaciones t\u00e9cnicas. Un a\u00f1o despu\u00e9s, el 18 de abril de 1994, naci\u00f3 el primer gran globo cautivo de los tiempos modernos. Nunca antes en d\u00e9cadas se hab\u00eda construido un globo tan grande. Se instal\u00f3 en el Ch\u00e2teau de Chantilly, y en pocas semanas los primeros pasajeros subieron a los cielos. Fue un \u00e9xito inmediato, pero no se detuvo ah\u00ed. Dos a\u00f1os despu\u00e9s, se instalaron tres nuevos sistemas en Alemania, Australia y China al sur de Shanghai. En el 99, tres nuevos Aerophile en Francia, y despu\u00e9s de seis temporadas de uso, el sistema ha demostrado su valor y sigue cumpliendo con las normas de seguridad: el futuro de Aerophile es brillante, al igual que el del globo cautivo.<\/p>\n<p><strong>Y el resto de la historia, lo sabes. Hoy en d\u00eda, Aerophile es el l\u00edder mundial en globos cautivos con 120 globos vendidos en 40 pa\u00edses.<\/strong><\/p>\n","protected":false},"excerpt":{"rendered":"<p>En 1993, J\u00e9r\u00f4me Giacomoni y Matthieu Gobbi crearon la empresa Aerophile y relanzaron la construcci\u00f3n de un globo cautivo. Ante la ausencia de un dispositivo similar en el mercado, los cofundadores dise\u00f1aron entonces, ellos mismos, una aeronave llamada Aerophile. Un desaf\u00edo t\u00e9cnico considerable: con la desaparici\u00f3n de los planos y los prototipos, hubo que redefinir [&hellip;]<\/p>\n","protected":false},"author":1,"featured_media":9729,"parent":0,"menu_order":0,"comment_status":"closed","ping_status":"closed","template":"page-groupe.php","meta":{"_acf_changed":false,"footnotes":""},"class_list":["post-9907","page","type-page","status-publish","has-post-thumbnail","hentry"],"acf":[],"yoast_head":"<!-- This site is optimized with the Yoast SEO plugin v27.2 - https:\/\/yoast.com\/product\/yoast-seo-wordpress\/ -->\n<title>La historia del gran globo cautivo - Aerophile<\/title>\n<meta name=\"description\" content=\"Desde la historia de Cyrano de Bergerac \u00abHistoria de la Luna y el Sol\u00bb hasta las historias de ciencia-ficci\u00f3n de Julio Verne, el vuelo en globo maravilla y ocupa un lugar \u00fanico en la imaginaci\u00f3n colectiva.\" \/>\n<meta name=\"robots\" content=\"index, follow, max-snippet:-1, max-image-preview:large, max-video-preview:-1\" \/>\n<link rel=\"canonical\" href=\"https:\/\/www.aerophile.com\/es\/el-globo-cautivo\/\" \/>\n<meta property=\"og:locale\" content=\"es_ES\" \/>\n<meta property=\"og:type\" content=\"article\" \/>\n<meta property=\"og:title\" content=\"La historia del gran globo cautivo - Aerophile\" \/>\n<meta property=\"og:description\" content=\"Desde la historia de Cyrano de Bergerac \u00abHistoria de la Luna y el Sol\u00bb hasta las historias de ciencia-ficci\u00f3n de Julio Verne, el vuelo en globo maravilla y ocupa un lugar \u00fanico en la imaginaci\u00f3n colectiva.\" \/>\n<meta property=\"og:url\" content=\"https:\/\/www.aerophile.com\/es\/el-globo-cautivo\/\" \/>\n<meta property=\"og:site_name\" content=\"Aerophile\" \/>\n<meta property=\"article:publisher\" content=\"https:\/\/www.facebook.com\/AerophileSAS\/\" \/>\n<meta property=\"article:modified_time\" content=\"2025-05-20T14:43:58+00:00\" \/>\n<meta property=\"og:image\" content=\"https:\/\/www.aerophile.com\/admin\/wp-content\/uploads\/2023\/01\/balloncaptif-photocouv2-aspect-ratio-1400-460.jpg\" \/>\n\t<meta property=\"og:image:width\" content=\"1280\" \/>\n\t<meta property=\"og:image:height\" content=\"421\" \/>\n\t<meta property=\"og:image:type\" content=\"image\/jpeg\" \/>\n<meta name=\"twitter:card\" content=\"summary_large_image\" \/>\n<meta name=\"twitter:site\" content=\"@AEROPHILE_SAS\" \/>\n<meta name=\"twitter:label1\" content=\"Tiempo de lectura\" \/>\n\t<meta name=\"twitter:data1\" content=\"1 minuto\" \/>\n<script type=\"application\/ld+json\" class=\"yoast-schema-graph\">{\"@context\":\"https:\/\/schema.org\",\"@graph\":[{\"@type\":\"WebPage\",\"@id\":\"https:\/\/www.aerophile.com\/es\/el-globo-cautivo\/\",\"url\":\"https:\/\/www.aerophile.com\/es\/el-globo-cautivo\/\",\"name\":\"La historia del gran globo cautivo - Aerophile\",\"isPartOf\":{\"@id\":\"https:\/\/www.aerophile.com\/es\/#website\"},\"primaryImageOfPage\":{\"@id\":\"https:\/\/www.aerophile.com\/es\/el-globo-cautivo\/#primaryimage\"},\"image\":{\"@id\":\"https:\/\/www.aerophile.com\/es\/el-globo-cautivo\/#primaryimage\"},\"thumbnailUrl\":\"https:\/\/www.aerophile.com\/admin\/wp-content\/uploads\/2023\/01\/balloncaptif-photocouv2-aspect-ratio-1400-460.jpg\",\"datePublished\":\"2023-01-23T11:54:13+00:00\",\"dateModified\":\"2025-05-20T14:43:58+00:00\",\"description\":\"Desde la historia de Cyrano de Bergerac \u00abHistoria de la Luna y el Sol\u00bb hasta las historias de ciencia-ficci\u00f3n de Julio Verne, el vuelo en globo maravilla y ocupa un lugar \u00fanico en la imaginaci\u00f3n colectiva.\",\"inLanguage\":\"es\",\"potentialAction\":[{\"@type\":\"ReadAction\",\"target\":[\"https:\/\/www.aerophile.com\/es\/el-globo-cautivo\/\"]}]},{\"@type\":\"ImageObject\",\"inLanguage\":\"es\",\"@id\":\"https:\/\/www.aerophile.com\/es\/el-globo-cautivo\/#primaryimage\",\"url\":\"https:\/\/www.aerophile.com\/admin\/wp-content\/uploads\/2023\/01\/balloncaptif-photocouv2-aspect-ratio-1400-460.jpg\",\"contentUrl\":\"https:\/\/www.aerophile.com\/admin\/wp-content\/uploads\/2023\/01\/balloncaptif-photocouv2-aspect-ratio-1400-460.jpg\",\"width\":1280,\"height\":421},{\"@type\":\"WebSite\",\"@id\":\"https:\/\/www.aerophile.com\/es\/#website\",\"url\":\"https:\/\/www.aerophile.com\/es\/\",\"name\":\"Aerophile\",\"description\":\"El leader mundial del globo cautivo\",\"publisher\":{\"@id\":\"https:\/\/www.aerophile.com\/es\/#organization\"},\"potentialAction\":[{\"@type\":\"SearchAction\",\"target\":{\"@type\":\"EntryPoint\",\"urlTemplate\":\"https:\/\/www.aerophile.com\/es\/?s={search_term_string}\"},\"query-input\":{\"@type\":\"PropertyValueSpecification\",\"valueRequired\":true,\"valueName\":\"search_term_string\"}}],\"inLanguage\":\"es\"},{\"@type\":\"Organization\",\"@id\":\"https:\/\/www.aerophile.com\/es\/#organization\",\"name\":\"Aerophile\",\"url\":\"https:\/\/www.aerophile.com\/es\/\",\"logo\":{\"@type\":\"ImageObject\",\"inLanguage\":\"es\",\"@id\":\"https:\/\/www.aerophile.com\/es\/#\/schema\/logo\/image\/\",\"url\":\"https:\/\/www.aerophile.com\/admin\/wp-content\/uploads\/2023\/03\/logo-aerophile-30-web-1.png\",\"contentUrl\":\"https:\/\/www.aerophile.com\/admin\/wp-content\/uploads\/2023\/03\/logo-aerophile-30-web-1.png\",\"width\":1015,\"height\":597,\"caption\":\"Aerophile\"},\"image\":{\"@id\":\"https:\/\/www.aerophile.com\/es\/#\/schema\/logo\/image\/\"},\"sameAs\":[\"https:\/\/www.facebook.com\/AerophileSAS\/\",\"https:\/\/x.com\/AEROPHILE_SAS\"]}]}<\/script>\n<!-- \/ Yoast SEO plugin. -->","yoast_head_json":{"title":"La historia del gran globo cautivo - Aerophile","description":"Desde la historia de Cyrano de Bergerac \u00abHistoria de la Luna y el Sol\u00bb hasta las historias de ciencia-ficci\u00f3n de Julio Verne, el vuelo en globo maravilla y ocupa un lugar \u00fanico en la imaginaci\u00f3n colectiva.","robots":{"index":"index","follow":"follow","max-snippet":"max-snippet:-1","max-image-preview":"max-image-preview:large","max-video-preview":"max-video-preview:-1"},"canonical":"https:\/\/www.aerophile.com\/es\/el-globo-cautivo\/","og_locale":"es_ES","og_type":"article","og_title":"La historia del gran globo cautivo - Aerophile","og_description":"Desde la historia de Cyrano de Bergerac \u00abHistoria de la Luna y el Sol\u00bb hasta las historias de ciencia-ficci\u00f3n de Julio Verne, el vuelo en globo maravilla y ocupa un lugar \u00fanico en la imaginaci\u00f3n colectiva.","og_url":"https:\/\/www.aerophile.com\/es\/el-globo-cautivo\/","og_site_name":"Aerophile","article_publisher":"https:\/\/www.facebook.com\/AerophileSAS\/","article_modified_time":"2025-05-20T14:43:58+00:00","og_image":[{"width":1280,"height":421,"url":"https:\/\/www.aerophile.com\/admin\/wp-content\/uploads\/2023\/01\/balloncaptif-photocouv2-aspect-ratio-1400-460.jpg","type":"image\/jpeg"}],"twitter_card":"summary_large_image","twitter_site":"@AEROPHILE_SAS","twitter_misc":{"Tiempo de lectura":"1 minuto"},"schema":{"@context":"https:\/\/schema.org","@graph":[{"@type":"WebPage","@id":"https:\/\/www.aerophile.com\/es\/el-globo-cautivo\/","url":"https:\/\/www.aerophile.com\/es\/el-globo-cautivo\/","name":"La historia del gran globo cautivo - Aerophile","isPartOf":{"@id":"https:\/\/www.aerophile.com\/es\/#website"},"primaryImageOfPage":{"@id":"https:\/\/www.aerophile.com\/es\/el-globo-cautivo\/#primaryimage"},"image":{"@id":"https:\/\/www.aerophile.com\/es\/el-globo-cautivo\/#primaryimage"},"thumbnailUrl":"https:\/\/www.aerophile.com\/admin\/wp-content\/uploads\/2023\/01\/balloncaptif-photocouv2-aspect-ratio-1400-460.jpg","datePublished":"2023-01-23T11:54:13+00:00","dateModified":"2025-05-20T14:43:58+00:00","description":"Desde la historia de Cyrano de Bergerac \u00abHistoria de la Luna y el Sol\u00bb hasta las historias de ciencia-ficci\u00f3n de Julio Verne, el vuelo en globo maravilla y ocupa un lugar \u00fanico en la imaginaci\u00f3n colectiva.","inLanguage":"es","potentialAction":[{"@type":"ReadAction","target":["https:\/\/www.aerophile.com\/es\/el-globo-cautivo\/"]}]},{"@type":"ImageObject","inLanguage":"es","@id":"https:\/\/www.aerophile.com\/es\/el-globo-cautivo\/#primaryimage","url":"https:\/\/www.aerophile.com\/admin\/wp-content\/uploads\/2023\/01\/balloncaptif-photocouv2-aspect-ratio-1400-460.jpg","contentUrl":"https:\/\/www.aerophile.com\/admin\/wp-content\/uploads\/2023\/01\/balloncaptif-photocouv2-aspect-ratio-1400-460.jpg","width":1280,"height":421},{"@type":"WebSite","@id":"https:\/\/www.aerophile.com\/es\/#website","url":"https:\/\/www.aerophile.com\/es\/","name":"Aerophile","description":"El leader mundial del globo cautivo","publisher":{"@id":"https:\/\/www.aerophile.com\/es\/#organization"},"potentialAction":[{"@type":"SearchAction","target":{"@type":"EntryPoint","urlTemplate":"https:\/\/www.aerophile.com\/es\/?s={search_term_string}"},"query-input":{"@type":"PropertyValueSpecification","valueRequired":true,"valueName":"search_term_string"}}],"inLanguage":"es"},{"@type":"Organization","@id":"https:\/\/www.aerophile.com\/es\/#organization","name":"Aerophile","url":"https:\/\/www.aerophile.com\/es\/","logo":{"@type":"ImageObject","inLanguage":"es","@id":"https:\/\/www.aerophile.com\/es\/#\/schema\/logo\/image\/","url":"https:\/\/www.aerophile.com\/admin\/wp-content\/uploads\/2023\/03\/logo-aerophile-30-web-1.png","contentUrl":"https:\/\/www.aerophile.com\/admin\/wp-content\/uploads\/2023\/03\/logo-aerophile-30-web-1.png","width":1015,"height":597,"caption":"Aerophile"},"image":{"@id":"https:\/\/www.aerophile.com\/es\/#\/schema\/logo\/image\/"},"sameAs":["https:\/\/www.facebook.com\/AerophileSAS\/","https:\/\/x.com\/AEROPHILE_SAS"]}]}},"_links":{"self":[{"href":"https:\/\/www.aerophile.com\/es\/wp-json\/wp\/v2\/pages\/9907","targetHints":{"allow":["GET"]}}],"collection":[{"href":"https:\/\/www.aerophile.com\/es\/wp-json\/wp\/v2\/pages"}],"about":[{"href":"https:\/\/www.aerophile.com\/es\/wp-json\/wp\/v2\/types\/page"}],"author":[{"embeddable":true,"href":"https:\/\/www.aerophile.com\/es\/wp-json\/wp\/v2\/users\/1"}],"replies":[{"embeddable":true,"href":"https:\/\/www.aerophile.com\/es\/wp-json\/wp\/v2\/comments?post=9907"}],"version-history":[{"count":4,"href":"https:\/\/www.aerophile.com\/es\/wp-json\/wp\/v2\/pages\/9907\/revisions"}],"predecessor-version":[{"id":11917,"href":"https:\/\/www.aerophile.com\/es\/wp-json\/wp\/v2\/pages\/9907\/revisions\/11917"}],"wp:featuredmedia":[{"embeddable":true,"href":"https:\/\/www.aerophile.com\/es\/wp-json\/wp\/v2\/media\/9729"}],"wp:attachment":[{"href":"https:\/\/www.aerophile.com\/es\/wp-json\/wp\/v2\/media?parent=9907"}],"curies":[{"name":"wp","href":"https:\/\/api.w.org\/{rel}","templated":true}]}}