{"id":9885,"date":"2023-01-16T10:06:23","date_gmt":"2023-01-16T09:06:23","guid":{"rendered":"https:\/\/www.aerophile.com\/politique-de-confidentialite\/"},"modified":"2023-03-17T13:46:28","modified_gmt":"2023-03-17T12:46:28","slug":"menciones-legales","status":"publish","type":"page","link":"https:\/\/www.aerophile.com\/es\/menciones-legales\/","title":{"rendered":"Menciones legales"},"content":{"rendered":"<h2>CARTA DE PROTECCI\u00d3N DE DATOS<\/h2>\n<h3>Pre\u00e1mbulo<\/h3>\n<p>El Grupo AEROGROUPE SAS (en adelante, \u201cAEROGROUPE SAS\u201d), con un capital social de 53.820 euros, incluida la empresa AEROPHILE SAS, as\u00ed como todas sus filiales en el sentido de lo dispuesto en el art\u00edculoL 233-1 del C\u00f3digo de comercio, existente y futuro, es el editor de contenido, productos y serviciosdisponibles en varios soportes impresos y digitales, incluidas aplicaciones, boletines, sitios web, plataformassociales y cualquier otro soporte existente (en adelante \u00ablos Servicios \u00ab).<\/p>\n<p>AEROGROUPE SAS concede gran importancia a la protecci\u00f3n de los datos personales de sus clientes,usuarios de sus sitios web y aplicaciones m\u00f3viles, sus socios y sus empleados.<\/p>\n<p>Esta carta (en adelante, \u00abla Carta\u00bb) presenta los compromisos de AEROGROUPE SAS para la protecci\u00f3n de los datos personales de los usuarios de Internet que visitan este sitio o esta aplicaci\u00f3n (en adelante, \u00abelSitio\u00bb) y los usuarios de los Servicios. Tambi\u00e9n le informa sobre los procedimientos para recopilar y usar susDatos personales y las opciones que tiene al respecto.<\/p>\n<p>Puede ser modificado en cualquier momento por AEROGROUPE SAS, de acuerdo con las modificaciones realizadas, en particular para cumplir con todos los desarrollos regulatorios, jurisprudenciales, editoriales y \/o t\u00e9cnicos.<\/p>\n<p>Se recomienda consultar la \u00faltima versi\u00f3n de la Carta disponible en nuestros Servicios antes de cualquiernavegaci\u00f3n.<\/p>\n<p>AEROGROUPE SAS respeta el Reglamento General de Protecci\u00f3n de Datos, n \u00b0 2016\/679 del 27 de abril de 2016, la ley \u00abInformatique &amp; Libert\u00e9s\u00bb n \u00b0 78-17 del 6 de enero de 1978 modificada, as\u00ed como la ley \u00abdeconfianza en el &#8216;econom\u00eda digital&#8217; n \u00b0 2004-575 del 21 de junio de 2004 (art\u00edculo L. 34-5 del Correo y c\u00f3digode comunicaciones electr\u00f3nicas).<\/p>\n<p>AEROGROUPE SAS ha establecido una direcci\u00f3n de correo electr\u00f3nico dedicada a: derecho a lainformaci\u00f3n, derecho de acceso, rectificaci\u00f3n, oposici\u00f3n, borrado, limitaci\u00f3n y portabilidad que tiene deacuerdo con dicha ley (correo electr\u00f3nico: dpo @ aerophile.com).<\/p>\n<p>La Carta se aplica adem\u00e1s de las disposiciones de las Condiciones Generales de Uso de los Servicios y lasCondiciones Generales de Venta de los Servicios, donde existan.<\/p>\n<p>&nbsp;<\/p>\n<h3>ART\u00cdCULO 1: \u00bfCU\u00c1L ES LA IDENTIDAD DEL GERENTE DE PROCESAMIENTO?<\/h3>\n<p>El controlador es AEROGROUPE SAS, SAS con un capital de \u20ac 53,820, registrado en el RCS de PARIS con el n\u00famero 429 195 431 e identificado a efectos fiscales con el n\u00famero FR60 429 195 431, cuya oficinaprincipal se encuentra 17 rue Vasco de Gama 75015 PARIS.<\/p>\n<h3>ART\u00cdCULO 2 &#8211; \u00bfPOR QU\u00c9 AEROGROUPE SAS RECOPILA LOS DATOS PERSONALESRELACIONADOS CON USTED?<\/h3>\n<p>A AEROGROUPE SAS se le puede solicitar que recopile y procese datos declarativos, datos decomportamiento de sus clientes, prospectos y usuarios del sitio web y datos de interacci\u00f3n con ellos (enadelante, tomados en conjunto como \u00abDatos personales\u00bb ).<\/p>\n<p>Estos Datos personales en el contexto del uso del Sitio y los Servicios est\u00e1n sujetos a procesamiento paralos siguientes prop\u00f3sitos:<\/p>\n<ul>\n<li>Cuando se suscribe a nuestros boletines o nuestras comunicaciones de marketing;<\/li>\n<li>Cuando participa en los juegos y concursos que organizamos;<\/li>\n<li>Cuando responde encuestas que organizamos o que acepta participar en eventos a los que lo invitamos;<\/li>\n<li>Cuando recopilamos datos para enviarle publicidad dirigida;<\/li>\n<li>Cuando realizamos estudios estad\u00edsticos y medidas de medici\u00f3n de audiencia para consultar nuestros sitios web.<\/li>\n<\/ul>\n<p>AEROGROUPE SAS solo recopila datos adecuados y relevantes y se limita a lo que sea necesario conrespecto a los fines para los que se procesa.<\/p>\n<p>Estos objetivos son espec\u00edficos y leg\u00edtimos y, en cualquier caso, sus datos no se procesar\u00e1n de maneraincompatible con estos fines, excepto con su consentimiento previo.<\/p>\n<h3>ART\u00cdCULO 3 &#8211; \u00bfCU\u00c1LES SON LOS DATOS PERSONALES RECOPILADOS POR AEROGROUPE SAS?<\/h3>\n<ul>\n<li>Datos de comportamiento: AEROGROUPE SAS tambi\u00e9n puede recopilar sus datos de navegaci\u00f3nutilizando las herramientas de recopilaci\u00f3n de datos: cookies, etiquetas, etiquetas y cualquier otro medio t\u00e9cnico apropiado instalado en los Servicios (en adelante en su conjunto) referido como las \u00abHerramientas\u00bb).<\/li>\n<\/ul>\n<p>Las Herramientas son necesarias para que pueda beneficiarse de ciertas caracter\u00edsticas de nuestros Servicios. Si ha optado por desactivar las Herramientas a trav\u00e9s de su navegador de Internet, el acceso a los Servicios puede verse afectado o incluso imposible. Por lo tanto, le recomendamos que los deje activospara aprovechar al m\u00e1ximo nuestros servicios y su navegaci\u00f3n en nuestros sitios.<\/p>\n<p>Las Herramientas permiten, durante cada una de sus visitas, y de acuerdo con los fines determinadosen el art\u00edculo 2:<\/p>\n<ul>\n<li>realizar estudios estad\u00edsticos,<\/li>\n<li>para identificarte,<\/li>\n<li>de manera m\u00e1s general, estudiar su comportamiento mientras navega por el Sitio para ofrecerle unamejor experiencia de navegaci\u00f3n y uso de nuestros Servicios.<\/li>\n<li>Datos de interacci\u00f3n: adem\u00e1s, se puede requerir que AEROGROUPE SAS procese los datos deinteracci\u00f3n entre usted y nuestra empresa: apertura o enlace de los boletines que enviamos, clics en los enlaces en los boletines que enviamos. Esta informaci\u00f3n nos permite adaptar las discusiones que tenemos con<\/li>\n<\/ul>\n<h3>ART\u00cdCULO 4 &#8211; \u00bfQUI\u00c9NES SON LOS RECEPTORES DE DATOS PERSONALES?<\/h3>\n<p>Los Datos personales est\u00e1n destinados a AEROGROUPE SAS y sus filiales.<\/p>\n<p>Sus datos declarativos tambi\u00e9n pueden transmitirse a proveedores comisionados por AEROGROUPE SASpara garantizar la efectividad de los Servicios que ha solicitado, por ejemplo, para ordenar en la taquilla. Estos proveedores son signatarios de las cl\u00e1usulas contractuales est\u00e1ndar validadas por la Comisi\u00f3nEuropea.<\/p>\n<p>De conformidad con la normativa vigente, los datos declarativos pueden transmitirse a las autoridadescompetentes que lo soliciten.<\/p>\n<h3>ART\u00cdCULO 5 &#8211; \u00bfCU\u00c1L ES LA DURACI\u00d3N DE LA RETENCI\u00d3N DE DATOS PERSONALES?<\/h3>\n<p>Dependiendo del prop\u00f3sito del procesamiento, la duraci\u00f3n del almacenamiento de datos personales puedevariar.<\/p>\n<p>A menos que las disposiciones legales obligatorias, AEROGROUPE SAS conserve los Datos personalesdurante el tiempo necesario para lograr el prop\u00f3sito perseguido.<\/p>\n<p>Los datos personales se mantendr\u00e1n durante el per\u00edodo durante el cual utiliza nuestros servicios, y seeliminar\u00e1n a m\u00e1s tardar tres a\u00f1os despu\u00e9s de nuestro \u00faltimo contacto, a menos que sea un anonimato o una obligaci\u00f3n legal de mantener ciertos datos durante un per\u00edodo m\u00e1s largo.<\/p>\n<p>Los datos anal\u00edticos para la conexi\u00f3n al Sitio solo se conservar\u00e1n durante un per\u00edodo de trece meses.<\/p>\n<h3>ART\u00cdCULO 6 &#8211; \u00bfCU\u00c1L ES LA POL\u00cdTICA DE AEROGROUPE SAS SOBRE COOKIES Y TECNOLOG\u00cdAS DEIDENTIFICACI\u00d3N SIMILAR?<\/h3>\n<p>AEROGROUPE SAS utiliza cookies y tecnolog\u00edas de identificaci\u00f3n similares.<\/p>\n<p>Una cookie es un peque\u00f1o archivo de datos que un sitio web copia en el disco duro de su computadora. Registra informaci\u00f3n relacionada con la navegaci\u00f3n de su computadora en un sitio (como, por ejemplo, las p\u00e1ginas visitadas o las fechas y horas de consulta), que puede leerse durante sus visitas posteriores al Sitio.AEROGROUPE SAS puede enviar cookies cuando visita sus Sitios o cuando se registra para acceder a unServicio en l\u00ednea.<\/p>\n<p>Las cookies utilizadas en nuestros Sitios son de varios tipos y tienen diferentes prop\u00f3sitos:<\/p>\n<ul>\n<li>Cookies de navegaci\u00f3n, que facilitan la navegaci\u00f3n en el Sitio o que son necesarias para la prestaci\u00f3n de los Servicios que solicita: cookies de \u00abcesta de la compra\u00bb, cookies de sesi\u00f3n o cookies flash para operar unlector de medios cuando sea necesario;<\/li>\n<li>Cookies de medici\u00f3n de audiencia, que nos permiten obtener estad\u00edsticas an\u00f3nimas de AEROGROUPE SAS utiliza estas cookies para detectar problemas de navegaci\u00f3n que puedan surgir en el Sitio, mejorar su rendimiento y funcionalidad, o incluso mejorar los Servicios;<\/li>\n<li>Cookies de an\u00e1lisis de comportamiento, que recopilan datos de Estos datos nos permiten,por ejemplo, saber si ya ha visitado el Sitio anteriormente, nos ayuda a identificar qu\u00e9 informaci\u00f3n en el Sitiopodr\u00eda interesarle m\u00e1s y ayudar a mejorar su navegaci\u00f3n y hacerla m\u00e1s interesante. Para esto, hacemos un seguimiento de sus preferencias cuando visita un sitio en particular. Tambi\u00e9n pueden permitir que AEROGROUPE SAS y sus subsidiarias muestren comunicaciones correspondientes a sus centros de inter\u00e9s.<\/li>\n<\/ul>\n<p>Las cookies nos permiten personalizar su contenido y anuncios de medios, proporcionar funcionalidad deredes sociales y analizar nuestro tr\u00e1fico.<\/p>\n<p>El per\u00edodo de validez del consentimiento otorgado en este contexto es de trece meses. Puede rechazar oaceptar selectivamente la instalaci\u00f3n de cookies de an\u00e1lisis de comportamiento, cookies de geolocalizaci\u00f3ny \/ o medici\u00f3n de audiencia y \/ o la instalaci\u00f3n de cookies por parte de las subsidiarias de AEROGROUPE SAS configurando su navegador de Internet usado desde su Terminal. El acceso a ciertas ofertas ysecciones ofrecidas por los Servicios puede ser alterado, si no imposible. Le invitamos a consultar el sitio web de CNIL en la siguiente direcci\u00f3n: https:\/\/<a href=\"http:\/\/www.cnil.fr\/\">www.cnil.fr\/ <\/a>o consultar la ayuda y la documentaci\u00f3n de su navegador de Internet.<\/p>\n<p>Puede restringir el uso de cookies modificando la configuraci\u00f3n de su navegador:<\/p>\n<p>En Internet Explorer:<\/p>\n<p>Haga clic en Herramientas en la parte superior de la ventana del navegador y seleccione Opciones de Internet&gt; En la ventana de opciones, haga clic en la pesta\u00f1a Privacidad&gt; Para activar las cookies, coloqueel cursor en Medio o en una configuraci\u00f3n inferior&gt; Para desactivar las cookies, coloque el cursor en la partesuperior para bloquear todas las cookies.<\/p>\n<p>En Firefox:<\/p>\n<p>Haga clic en Herramientas en el men\u00fa del navegador y seleccione Opciones&gt; Seleccionar el panel Privacidad&gt; Para activar las cookies, marque la casilla Aceptar cookies del sitio&gt; Para desactivar las cookies, desactive la casilla Aceptar cookies del sitio.<\/p>\n<p>En Chrome:<\/p>\n<p>Haga clic en el icono de llave inglesa en la barra de herramientas del navegador&gt; Seleccione la opci\u00f3nConfiguraci\u00f3n&gt; Haga clic en Mostrar configuraci\u00f3n avanzada&gt; En la secci\u00f3n Confidencialidad, haga clic en el bot\u00f3n Configuraci\u00f3n de contenido&gt; Para activar las cookies , seleccione Permitir que se almacenen datoslocales en la secci\u00f3n Cookies. Las cookies propietarias y las cookies de terceros est\u00e1n autorizadas. Para aceptar solo cookies de origen, seleccione Bloquear todas las cookies de terceros sin excepci\u00f3n&gt; Para desactivar las cookies, seleccione Prohibir que todos los sitios almacenen datos<\/p>\n<p>Para otros navegadores y dispositivos m\u00f3viles:<\/p>\n<p>Si desea restringir el uso de cookies para otro navegador o en un dispositivo m\u00f3vil, vaya a la p\u00e1gina web oficial del fabricante del navegador o dispositivo o consulte la documentaci\u00f3n que le hayan facilitado y siga las instrucciones.<\/p>\n<h3>ART\u00cdCULO 7 &#8211; \u00bfCU\u00c1LES SON SUS DERECHOS Y C\u00d3MO EJERCITARLOS?<\/h3>\n<p><strong>\u00a0<\/strong>Usted tiene, sujeto a los l\u00edmites previstos por la normativa vigente, varios derechos con respecto alprocesamiento de sus Datos personales:<\/p>\n<ul>\n<li>el derecho a ser informado sobre el uso de sus Datos personales,<\/li>\n<li>el derecho a solicitar que AEROGROUPE SAS elimine sus Datos personales o que deje de procesarlos en determinadas circunstancias,<\/li>\n<li>el derecho a retirar su consentimiento para recibir informaci\u00f3n de nosotros y objetar el procesamientode sus datos,<\/li>\n<li>el derecho a definir directivas relacionadas con el destino de sus Datos personales despu\u00e9s de su fallecimiento,<\/li>\n<li>el derecho a presentar una queja ante la autoridad nacional responsable de la protecci\u00f3n de datospersonales (en Francia, esta es la Comisi\u00f3n Nacional de Protecci\u00f3n de Datos, la CNIL).<\/li>\n<\/ul>\n<p>Para dejar de recibir mensajes de AEROGROUPE SAS, tambi\u00e9n puede hacer clic en el enlace paracancelar la suscripci\u00f3n en cada uno de nuestros mensajes.<\/p>\n<p>Para cualquier pregunta o para ejercer sus derechos, simplemente env\u00ede un correo electr\u00f3nico o una cartaa la siguiente direcci\u00f3n:<\/p>\n<p><a href=\"mailto:dpo@aerophile.com\">dpo@aerophile.com<\/a> AEROGROUPE SAS<\/p>\n<p>Asunto: A la amable atenci\u00f3n del oficial de protecci\u00f3n de datos 17 rue Vasco de Gama 75015 PARIS<\/p>\n<p>Cuando desee ejercer un derecho, sus solicitudes deben hacerse por escrito y deben estar firmadas y acompa\u00f1adas de una fotocopia de un documento de identidad con su firma. La solicitud debe especificar la direcci\u00f3n a la que se debe enviar la respuesta. AEROGROUPE SAS tendr\u00e1 1 (un) mes para responderdespu\u00e9s de recibir su solicitud. Este per\u00edodo puede extenderse dos meses, teniendo en cuenta lacomplejidad y el n\u00famero de solicitudes enviadas a AEROGROUPE SAS. En este caso, le informaremos sobre esta extensi\u00f3n y los motivos que la justifican.<\/p>\n<p>&nbsp;<\/p>\n<h3>ART\u00cdCULO 8 &#8211; \u00bfY EL USO DE MIS DATOS A TRAV\u00c9S DE REDES SOCIALES?<\/h3>\n<p>Puede unirse a nuestras cuentas de Instagram, Twitter, nuestra p\u00e1gina de Facebook, LinkedIn, Youtube desde nuestro sitio y, gracias a ellas, seguir nuestras noticias. Los \u00fanicos datos que AEROGROUPE SASpuede recopilar son an\u00f3nimos y se procesan con fines puramente estad\u00edsticos (en particular para rastrear eln\u00famero de suscriptores que siguen estas cuentas).<\/p>\n<p>AEROGROUPE SAS no es responsable del procesamiento que se pueda hacer de los Datos personalespor estas redes sociales. Para conocer sus derechos frente a estas redes sociales y configurar las opciones para proteger su privacidad, debe consultar la pol\u00edtica de privacidad de cada una de ellas.<\/p>\n<p>Conexi\u00f3n con su cuenta de Instagram, Facebook, LinkedIn o Twitter: tiene la posibilidad de conectarse a algunos de nuestros sitios o nuestras aplicaciones con su cuenta de Facebook o Twitter. Cuando se conectaa nuestros sitios con su cuenta de Instagram, Facebook, LinkedIn o Twitter, AEROGROUPE SAS puede tenerque acceder a cierta informaci\u00f3n que ha transmitido a estas redes sociales. Se le solicitar\u00e1 permiso para acceder a los datos de su perfil y compartir sus actividades con Instagram, Facebook, LinkedIn y Twitter, y se le informar\u00e1 sobre los datos utilizados y c\u00f3mo se utilizar\u00e1n y compartir\u00e1n. Sin embargo, cualquierinformaci\u00f3n adicional que podamos solicitarle no se transmitir\u00e1 a Instagram, Facebook, LinkedIn o Twitter.<\/p>\n","protected":false},"excerpt":{"rendered":"<p>CARTA DE PROTECCI\u00d3N DE DATOS Pre\u00e1mbulo El Grupo AEROGROUPE SAS (en adelante, \u201cAEROGROUPE SAS\u201d), con un capital social de 53.820 euros, incluida la empresa AEROPHILE SAS, as\u00ed como todas sus filiales en el sentido de lo dispuesto en el art\u00edculoL 233-1 del C\u00f3digo de comercio, existente y futuro, es el editor de contenido, productos y [&hellip;]<\/p>\n","protected":false},"author":1,"featured_media":0,"parent":0,"menu_order":0,"comment_status":"closed","ping_status":"closed","template":"page-left.php","meta":{"_acf_changed":false,"footnotes":""},"class_list":["post-9885","page","type-page","status-publish","hentry"],"acf":[],"yoast_head":"<!-- This site is optimized with the Yoast SEO plugin v27.5 - https:\/\/yoast.com\/product\/yoast-seo-wordpress\/ -->\n<title>Menciones legales - Aerophile<\/title>\n<meta name=\"description\" content=\"CARTA DE PROTECCI\u00d3N DE DATOS Pre\u00e1mbulo El Grupo AEROGROUPE SAS (en adelante, \u201cAEROGROUPE SAS\u201d), con un capital social de 53.820 euros, incluida la empresa Menciones legales - Aerophile\" \/>\n<meta name=\"robots\" content=\"index, follow, max-snippet:-1, max-image-preview:large, max-video-preview:-1\" \/>\n<link rel=\"canonical\" href=\"https:\/\/www.aerophile.com\/es\/menciones-legales\/\" \/>\n<meta property=\"og:locale\" content=\"es_ES\" \/>\n<meta property=\"og:type\" content=\"article\" \/>\n<meta property=\"og:title\" content=\"Menciones legales - Aerophile\" \/>\n<meta property=\"og:description\" content=\"CARTA DE PROTECCI\u00d3N DE DATOS Pre\u00e1mbulo El Grupo AEROGROUPE SAS (en adelante, \u201cAEROGROUPE SAS\u201d), con un capital social de 53.820 euros, incluida la empresa Menciones legales - Aerophile\" \/>\n<meta property=\"og:url\" content=\"https:\/\/www.aerophile.com\/es\/menciones-legales\/\" \/>\n<meta property=\"og:site_name\" content=\"Aerophile\" \/>\n<meta property=\"article:publisher\" content=\"https:\/\/www.facebook.com\/AerophileSAS\/\" \/>\n<meta property=\"article:modified_time\" content=\"2023-03-17T12:46:28+00:00\" \/>\n<meta name=\"twitter:card\" content=\"summary_large_image\" \/>\n<meta name=\"twitter:site\" content=\"@AEROPHILE_SAS\" \/>\n<meta name=\"twitter:label1\" content=\"Tiempo de lectura\" \/>\n\t<meta name=\"twitter:data1\" content=\"11 minutos\" \/>\n<script type=\"application\/ld+json\" class=\"yoast-schema-graph\">{\"@context\":\"https:\\\/\\\/schema.org\",\"@graph\":[{\"@type\":\"WebPage\",\"@id\":\"https:\\\/\\\/www.aerophile.com\\\/es\\\/menciones-legales\\\/\",\"url\":\"https:\\\/\\\/www.aerophile.com\\\/es\\\/menciones-legales\\\/\",\"name\":\"Menciones legales - Aerophile\",\"isPartOf\":{\"@id\":\"https:\\\/\\\/www.aerophile.com\\\/es\\\/#website\"},\"datePublished\":\"2023-01-16T09:06:23+00:00\",\"dateModified\":\"2023-03-17T12:46:28+00:00\",\"description\":\"CARTA DE PROTECCI\u00d3N DE DATOS Pre\u00e1mbulo El Grupo AEROGROUPE SAS (en adelante, \u201cAEROGROUPE SAS\u201d), con un capital social de 53.820 euros, incluida la empresa Menciones legales - Aerophile\",\"inLanguage\":\"es\",\"potentialAction\":[{\"@type\":\"ReadAction\",\"target\":[\"https:\\\/\\\/www.aerophile.com\\\/es\\\/menciones-legales\\\/\"]}]},{\"@type\":\"WebSite\",\"@id\":\"https:\\\/\\\/www.aerophile.com\\\/es\\\/#website\",\"url\":\"https:\\\/\\\/www.aerophile.com\\\/es\\\/\",\"name\":\"Aerophile\",\"description\":\"El leader mundial del globo cautivo\",\"publisher\":{\"@id\":\"https:\\\/\\\/www.aerophile.com\\\/es\\\/#organization\"},\"potentialAction\":[{\"@type\":\"SearchAction\",\"target\":{\"@type\":\"EntryPoint\",\"urlTemplate\":\"https:\\\/\\\/www.aerophile.com\\\/es\\\/?s={search_term_string}\"},\"query-input\":{\"@type\":\"PropertyValueSpecification\",\"valueRequired\":true,\"valueName\":\"search_term_string\"}}],\"inLanguage\":\"es\"},{\"@type\":\"Organization\",\"@id\":\"https:\\\/\\\/www.aerophile.com\\\/es\\\/#organization\",\"name\":\"Aerophile\",\"url\":\"https:\\\/\\\/www.aerophile.com\\\/es\\\/\",\"logo\":{\"@type\":\"ImageObject\",\"inLanguage\":\"es\",\"@id\":\"https:\\\/\\\/www.aerophile.com\\\/es\\\/#\\\/schema\\\/logo\\\/image\\\/\",\"url\":\"https:\\\/\\\/www.aerophile.com\\\/admin\\\/wp-content\\\/uploads\\\/2023\\\/03\\\/logo-aerophile-30-web-1.png\",\"contentUrl\":\"https:\\\/\\\/www.aerophile.com\\\/admin\\\/wp-content\\\/uploads\\\/2023\\\/03\\\/logo-aerophile-30-web-1.png\",\"width\":1015,\"height\":597,\"caption\":\"Aerophile\"},\"image\":{\"@id\":\"https:\\\/\\\/www.aerophile.com\\\/es\\\/#\\\/schema\\\/logo\\\/image\\\/\"},\"sameAs\":[\"https:\\\/\\\/www.facebook.com\\\/AerophileSAS\\\/\",\"https:\\\/\\\/x.com\\\/AEROPHILE_SAS\"]}]}<\/script>\n<!-- \/ Yoast SEO plugin. -->","yoast_head_json":{"title":"Menciones legales - Aerophile","description":"CARTA DE PROTECCI\u00d3N DE DATOS Pre\u00e1mbulo El Grupo AEROGROUPE SAS (en adelante, \u201cAEROGROUPE SAS\u201d), con un capital social de 53.820 euros, incluida la empresa Menciones legales - Aerophile","robots":{"index":"index","follow":"follow","max-snippet":"max-snippet:-1","max-image-preview":"max-image-preview:large","max-video-preview":"max-video-preview:-1"},"canonical":"https:\/\/www.aerophile.com\/es\/menciones-legales\/","og_locale":"es_ES","og_type":"article","og_title":"Menciones legales - Aerophile","og_description":"CARTA DE PROTECCI\u00d3N DE DATOS Pre\u00e1mbulo El Grupo AEROGROUPE SAS (en adelante, \u201cAEROGROUPE SAS\u201d), con un capital social de 53.820 euros, incluida la empresa Menciones legales - Aerophile","og_url":"https:\/\/www.aerophile.com\/es\/menciones-legales\/","og_site_name":"Aerophile","article_publisher":"https:\/\/www.facebook.com\/AerophileSAS\/","article_modified_time":"2023-03-17T12:46:28+00:00","twitter_card":"summary_large_image","twitter_site":"@AEROPHILE_SAS","twitter_misc":{"Tiempo de lectura":"11 minutos"},"schema":{"@context":"https:\/\/schema.org","@graph":[{"@type":"WebPage","@id":"https:\/\/www.aerophile.com\/es\/menciones-legales\/","url":"https:\/\/www.aerophile.com\/es\/menciones-legales\/","name":"Menciones legales - Aerophile","isPartOf":{"@id":"https:\/\/www.aerophile.com\/es\/#website"},"datePublished":"2023-01-16T09:06:23+00:00","dateModified":"2023-03-17T12:46:28+00:00","description":"CARTA DE PROTECCI\u00d3N DE DATOS Pre\u00e1mbulo El Grupo AEROGROUPE SAS (en adelante, \u201cAEROGROUPE SAS\u201d), con un capital social de 53.820 euros, incluida la empresa Menciones legales - Aerophile","inLanguage":"es","potentialAction":[{"@type":"ReadAction","target":["https:\/\/www.aerophile.com\/es\/menciones-legales\/"]}]},{"@type":"WebSite","@id":"https:\/\/www.aerophile.com\/es\/#website","url":"https:\/\/www.aerophile.com\/es\/","name":"Aerophile","description":"El leader mundial del globo cautivo","publisher":{"@id":"https:\/\/www.aerophile.com\/es\/#organization"},"potentialAction":[{"@type":"SearchAction","target":{"@type":"EntryPoint","urlTemplate":"https:\/\/www.aerophile.com\/es\/?s={search_term_string}"},"query-input":{"@type":"PropertyValueSpecification","valueRequired":true,"valueName":"search_term_string"}}],"inLanguage":"es"},{"@type":"Organization","@id":"https:\/\/www.aerophile.com\/es\/#organization","name":"Aerophile","url":"https:\/\/www.aerophile.com\/es\/","logo":{"@type":"ImageObject","inLanguage":"es","@id":"https:\/\/www.aerophile.com\/es\/#\/schema\/logo\/image\/","url":"https:\/\/www.aerophile.com\/admin\/wp-content\/uploads\/2023\/03\/logo-aerophile-30-web-1.png","contentUrl":"https:\/\/www.aerophile.com\/admin\/wp-content\/uploads\/2023\/03\/logo-aerophile-30-web-1.png","width":1015,"height":597,"caption":"Aerophile"},"image":{"@id":"https:\/\/www.aerophile.com\/es\/#\/schema\/logo\/image\/"},"sameAs":["https:\/\/www.facebook.com\/AerophileSAS\/","https:\/\/x.com\/AEROPHILE_SAS"]}]}},"_links":{"self":[{"href":"https:\/\/www.aerophile.com\/es\/wp-json\/wp\/v2\/pages\/9885","targetHints":{"allow":["GET"]}}],"collection":[{"href":"https:\/\/www.aerophile.com\/es\/wp-json\/wp\/v2\/pages"}],"about":[{"href":"https:\/\/www.aerophile.com\/es\/wp-json\/wp\/v2\/types\/page"}],"author":[{"embeddable":true,"href":"https:\/\/www.aerophile.com\/es\/wp-json\/wp\/v2\/users\/1"}],"replies":[{"embeddable":true,"href":"https:\/\/www.aerophile.com\/es\/wp-json\/wp\/v2\/comments?post=9885"}],"version-history":[{"count":5,"href":"https:\/\/www.aerophile.com\/es\/wp-json\/wp\/v2\/pages\/9885\/revisions"}],"predecessor-version":[{"id":10631,"href":"https:\/\/www.aerophile.com\/es\/wp-json\/wp\/v2\/pages\/9885\/revisions\/10631"}],"wp:attachment":[{"href":"https:\/\/www.aerophile.com\/es\/wp-json\/wp\/v2\/media?parent=9885"}],"curies":[{"name":"wp","href":"https:\/\/api.w.org\/{rel}","templated":true}]}}