{"id":10317,"date":"2023-02-17T17:01:00","date_gmt":"2023-02-17T16:01:00","guid":{"rendered":"https:\/\/www.aerophile.com\/boutique\/"},"modified":"2023-03-16T11:42:04","modified_gmt":"2023-03-16T10:42:04","slug":"tienda","status":"publish","type":"page","link":"https:\/\/www.aerophile.com\/es\/tienda\/","title":{"rendered":"Tienda"},"content":{"rendered":"<p><img loading=\"lazy\" decoding=\"async\" class=\"alignright wp-image-10327\" src=\"https:\/\/www.aerophile.com\/admin\/wp-content\/uploads\/2023\/02\/image-shop-320x233.jpg\" alt=\"image-shop\" width=\"480\" height=\"349\" srcset=\"https:\/\/www.aerophile.com\/admin\/wp-content\/uploads\/2023\/02\/image-shop-320x233.jpg 320w, https:\/\/www.aerophile.com\/admin\/wp-content\/uploads\/2023\/02\/image-shop-84x61.jpg 84w, https:\/\/www.aerophile.com\/admin\/wp-content\/uploads\/2023\/02\/image-shop-768x559.jpg 768w, https:\/\/www.aerophile.com\/admin\/wp-content\/uploads\/2023\/02\/image-shop-80x58.jpg 80w, https:\/\/www.aerophile.com\/admin\/wp-content\/uploads\/2023\/02\/image-shop.jpg 1157w\" sizes=\"auto, (max-width: 480px) 100vw, 480px\" \/><\/p>\n<p>\u00a1El upcycling* de las velas usadas de nuestros grandes globos cautivos es el nuevo compromiso de Aerophile por el Planeta!<br \/>\nAerophile se ha asociado con \u00abVent de Voyage\u00bb, un conocido taller artesanal de la zona de Saint-Malo, que lleva 20 a\u00f1os transformando velas de barco en bolsas y objetos decorativos \u00fanicos y duraderos.<br \/>\nEl resultado: originales bolsas para tabletas y cartucheras, producidas a partir de los sobres usados de nuestros grandes globos. Nada se tira, \u00a1todo se transforma!<br \/>\nUn enfoque ecol\u00f3gico pero tambi\u00e9n eco-ciudadano ya que un taller de reinserci\u00f3n participa en la fabricaci\u00f3n de estos accesorios <strong>100% made in France<\/strong>.<\/p>\n<p>Esta primera colecci\u00f3n especial est\u00e1 <strong>a la venta en l\u00ednea<\/strong> a continuaci\u00f3n, as\u00ed como en la tienda Ballon de Paris Generali, situada en el Parc Andr\u00e9 Citro\u00ebn del distrito 15 de Par\u00eds, y a trav\u00e9s del Facebook Ballon PanoraMagique, de donde procede el lienzo.<\/p>\n<p>Los tonos y colores pueden variar de un producto a otro, ya que todas las piezas est\u00e1n hechas a mano a partir de varios trozos de lona reciclada.<\/p>\n","protected":false},"excerpt":{"rendered":"<p>\u00a1El upcycling* de las velas usadas de nuestros grandes globos cautivos es el nuevo compromiso de Aerophile por el Planeta! Aerophile se ha asociado con \u00abVent de Voyage\u00bb, un conocido taller artesanal de la zona de Saint-Malo, que lleva 20 a\u00f1os transformando velas de barco en bolsas y objetos decorativos \u00fanicos y duraderos. El resultado: [&hellip;]<\/p>\n","protected":false},"author":1,"featured_media":0,"parent":0,"menu_order":0,"comment_status":"closed","ping_status":"closed","template":"page-shop.php","meta":{"_acf_changed":false,"footnotes":""},"class_list":["post-10317","page","type-page","status-publish","hentry"],"acf":[],"yoast_head":"<!-- This site is optimized with the Yoast SEO plugin v27.2 - https:\/\/yoast.com\/product\/yoast-seo-wordpress\/ -->\n<title>Tienda - Aerophile<\/title>\n<meta name=\"description\" content=\"\u00a1El upcycling* de las velas usadas de nuestros grandes globos cautivos es el nuevo compromiso de Aerophile por el Planeta! Aerophile se ha asociado con Tienda - Aerophile\" \/>\n<meta name=\"robots\" content=\"index, follow, max-snippet:-1, max-image-preview:large, max-video-preview:-1\" \/>\n<link rel=\"canonical\" href=\"https:\/\/www.aerophile.com\/es\/tienda\/\" \/>\n<meta property=\"og:locale\" content=\"es_ES\" \/>\n<meta property=\"og:type\" content=\"article\" \/>\n<meta property=\"og:title\" content=\"Tienda - Aerophile\" \/>\n<meta property=\"og:description\" content=\"\u00a1El upcycling* de las velas usadas de nuestros grandes globos cautivos es el nuevo compromiso de Aerophile por el Planeta! Aerophile se ha asociado con Tienda - Aerophile\" \/>\n<meta property=\"og:url\" content=\"https:\/\/www.aerophile.com\/es\/tienda\/\" \/>\n<meta property=\"og:site_name\" content=\"Aerophile\" \/>\n<meta property=\"article:publisher\" content=\"https:\/\/www.facebook.com\/AerophileSAS\/\" \/>\n<meta property=\"article:modified_time\" content=\"2023-03-16T10:42:04+00:00\" \/>\n<meta property=\"og:image\" content=\"https:\/\/www.aerophile.com\/admin\/wp-content\/uploads\/2023\/02\/image-shop-320x233.jpg\" \/>\n<meta name=\"twitter:card\" content=\"summary_large_image\" \/>\n<meta name=\"twitter:site\" content=\"@AEROPHILE_SAS\" \/>\n<meta name=\"twitter:label1\" content=\"Tiempo de lectura\" \/>\n\t<meta name=\"twitter:data1\" content=\"1 minuto\" \/>\n<script type=\"application\/ld+json\" class=\"yoast-schema-graph\">{\"@context\":\"https:\/\/schema.org\",\"@graph\":[{\"@type\":\"WebPage\",\"@id\":\"https:\/\/www.aerophile.com\/es\/tienda\/\",\"url\":\"https:\/\/www.aerophile.com\/es\/tienda\/\",\"name\":\"Tienda - Aerophile\",\"isPartOf\":{\"@id\":\"https:\/\/www.aerophile.com\/es\/#website\"},\"primaryImageOfPage\":{\"@id\":\"https:\/\/www.aerophile.com\/es\/tienda\/#primaryimage\"},\"image\":{\"@id\":\"https:\/\/www.aerophile.com\/es\/tienda\/#primaryimage\"},\"thumbnailUrl\":\"https:\/\/www.aerophile.com\/admin\/wp-content\/uploads\/2023\/02\/image-shop-320x233.jpg\",\"datePublished\":\"2023-02-17T16:01:00+00:00\",\"dateModified\":\"2023-03-16T10:42:04+00:00\",\"description\":\"\u00a1El upcycling* de las velas usadas de nuestros grandes globos cautivos es el nuevo compromiso de Aerophile por el Planeta! Aerophile se ha asociado con Tienda - Aerophile\",\"inLanguage\":\"es\",\"potentialAction\":[{\"@type\":\"ReadAction\",\"target\":[\"https:\/\/www.aerophile.com\/es\/tienda\/\"]}]},{\"@type\":\"ImageObject\",\"inLanguage\":\"es\",\"@id\":\"https:\/\/www.aerophile.com\/es\/tienda\/#primaryimage\",\"url\":\"https:\/\/www.aerophile.com\/admin\/wp-content\/uploads\/2023\/02\/image-shop-320x233.jpg\",\"contentUrl\":\"https:\/\/www.aerophile.com\/admin\/wp-content\/uploads\/2023\/02\/image-shop-320x233.jpg\"},{\"@type\":\"WebSite\",\"@id\":\"https:\/\/www.aerophile.com\/es\/#website\",\"url\":\"https:\/\/www.aerophile.com\/es\/\",\"name\":\"Aerophile\",\"description\":\"El leader mundial del globo cautivo\",\"publisher\":{\"@id\":\"https:\/\/www.aerophile.com\/es\/#organization\"},\"potentialAction\":[{\"@type\":\"SearchAction\",\"target\":{\"@type\":\"EntryPoint\",\"urlTemplate\":\"https:\/\/www.aerophile.com\/es\/?s={search_term_string}\"},\"query-input\":{\"@type\":\"PropertyValueSpecification\",\"valueRequired\":true,\"valueName\":\"search_term_string\"}}],\"inLanguage\":\"es\"},{\"@type\":\"Organization\",\"@id\":\"https:\/\/www.aerophile.com\/es\/#organization\",\"name\":\"Aerophile\",\"url\":\"https:\/\/www.aerophile.com\/es\/\",\"logo\":{\"@type\":\"ImageObject\",\"inLanguage\":\"es\",\"@id\":\"https:\/\/www.aerophile.com\/es\/#\/schema\/logo\/image\/\",\"url\":\"https:\/\/www.aerophile.com\/admin\/wp-content\/uploads\/2023\/03\/logo-aerophile-30-web-1.png\",\"contentUrl\":\"https:\/\/www.aerophile.com\/admin\/wp-content\/uploads\/2023\/03\/logo-aerophile-30-web-1.png\",\"width\":1015,\"height\":597,\"caption\":\"Aerophile\"},\"image\":{\"@id\":\"https:\/\/www.aerophile.com\/es\/#\/schema\/logo\/image\/\"},\"sameAs\":[\"https:\/\/www.facebook.com\/AerophileSAS\/\",\"https:\/\/x.com\/AEROPHILE_SAS\"]}]}<\/script>\n<!-- \/ Yoast SEO plugin. -->","yoast_head_json":{"title":"Tienda - Aerophile","description":"\u00a1El upcycling* de las velas usadas de nuestros grandes globos cautivos es el nuevo compromiso de Aerophile por el Planeta! Aerophile se ha asociado con Tienda - Aerophile","robots":{"index":"index","follow":"follow","max-snippet":"max-snippet:-1","max-image-preview":"max-image-preview:large","max-video-preview":"max-video-preview:-1"},"canonical":"https:\/\/www.aerophile.com\/es\/tienda\/","og_locale":"es_ES","og_type":"article","og_title":"Tienda - Aerophile","og_description":"\u00a1El upcycling* de las velas usadas de nuestros grandes globos cautivos es el nuevo compromiso de Aerophile por el Planeta! Aerophile se ha asociado con Tienda - Aerophile","og_url":"https:\/\/www.aerophile.com\/es\/tienda\/","og_site_name":"Aerophile","article_publisher":"https:\/\/www.facebook.com\/AerophileSAS\/","article_modified_time":"2023-03-16T10:42:04+00:00","og_image":[{"url":"https:\/\/www.aerophile.com\/admin\/wp-content\/uploads\/2023\/02\/image-shop-320x233.jpg","type":"","width":"","height":""}],"twitter_card":"summary_large_image","twitter_site":"@AEROPHILE_SAS","twitter_misc":{"Tiempo de lectura":"1 minuto"},"schema":{"@context":"https:\/\/schema.org","@graph":[{"@type":"WebPage","@id":"https:\/\/www.aerophile.com\/es\/tienda\/","url":"https:\/\/www.aerophile.com\/es\/tienda\/","name":"Tienda - Aerophile","isPartOf":{"@id":"https:\/\/www.aerophile.com\/es\/#website"},"primaryImageOfPage":{"@id":"https:\/\/www.aerophile.com\/es\/tienda\/#primaryimage"},"image":{"@id":"https:\/\/www.aerophile.com\/es\/tienda\/#primaryimage"},"thumbnailUrl":"https:\/\/www.aerophile.com\/admin\/wp-content\/uploads\/2023\/02\/image-shop-320x233.jpg","datePublished":"2023-02-17T16:01:00+00:00","dateModified":"2023-03-16T10:42:04+00:00","description":"\u00a1El upcycling* de las velas usadas de nuestros grandes globos cautivos es el nuevo compromiso de Aerophile por el Planeta! Aerophile se ha asociado con Tienda - Aerophile","inLanguage":"es","potentialAction":[{"@type":"ReadAction","target":["https:\/\/www.aerophile.com\/es\/tienda\/"]}]},{"@type":"ImageObject","inLanguage":"es","@id":"https:\/\/www.aerophile.com\/es\/tienda\/#primaryimage","url":"https:\/\/www.aerophile.com\/admin\/wp-content\/uploads\/2023\/02\/image-shop-320x233.jpg","contentUrl":"https:\/\/www.aerophile.com\/admin\/wp-content\/uploads\/2023\/02\/image-shop-320x233.jpg"},{"@type":"WebSite","@id":"https:\/\/www.aerophile.com\/es\/#website","url":"https:\/\/www.aerophile.com\/es\/","name":"Aerophile","description":"El leader mundial del globo cautivo","publisher":{"@id":"https:\/\/www.aerophile.com\/es\/#organization"},"potentialAction":[{"@type":"SearchAction","target":{"@type":"EntryPoint","urlTemplate":"https:\/\/www.aerophile.com\/es\/?s={search_term_string}"},"query-input":{"@type":"PropertyValueSpecification","valueRequired":true,"valueName":"search_term_string"}}],"inLanguage":"es"},{"@type":"Organization","@id":"https:\/\/www.aerophile.com\/es\/#organization","name":"Aerophile","url":"https:\/\/www.aerophile.com\/es\/","logo":{"@type":"ImageObject","inLanguage":"es","@id":"https:\/\/www.aerophile.com\/es\/#\/schema\/logo\/image\/","url":"https:\/\/www.aerophile.com\/admin\/wp-content\/uploads\/2023\/03\/logo-aerophile-30-web-1.png","contentUrl":"https:\/\/www.aerophile.com\/admin\/wp-content\/uploads\/2023\/03\/logo-aerophile-30-web-1.png","width":1015,"height":597,"caption":"Aerophile"},"image":{"@id":"https:\/\/www.aerophile.com\/es\/#\/schema\/logo\/image\/"},"sameAs":["https:\/\/www.facebook.com\/AerophileSAS\/","https:\/\/x.com\/AEROPHILE_SAS"]}]}},"_links":{"self":[{"href":"https:\/\/www.aerophile.com\/es\/wp-json\/wp\/v2\/pages\/10317","targetHints":{"allow":["GET"]}}],"collection":[{"href":"https:\/\/www.aerophile.com\/es\/wp-json\/wp\/v2\/pages"}],"about":[{"href":"https:\/\/www.aerophile.com\/es\/wp-json\/wp\/v2\/types\/page"}],"author":[{"embeddable":true,"href":"https:\/\/www.aerophile.com\/es\/wp-json\/wp\/v2\/users\/1"}],"replies":[{"embeddable":true,"href":"https:\/\/www.aerophile.com\/es\/wp-json\/wp\/v2\/comments?post=10317"}],"version-history":[{"count":6,"href":"https:\/\/www.aerophile.com\/es\/wp-json\/wp\/v2\/pages\/10317\/revisions"}],"predecessor-version":[{"id":10565,"href":"https:\/\/www.aerophile.com\/es\/wp-json\/wp\/v2\/pages\/10317\/revisions\/10565"}],"wp:attachment":[{"href":"https:\/\/www.aerophile.com\/es\/wp-json\/wp\/v2\/media?parent=10317"}],"curies":[{"name":"wp","href":"https:\/\/api.w.org\/{rel}","templated":true}]}}